{"id":2366,"date":"2021-11-30T14:48:21","date_gmt":"2021-11-30T14:48:21","guid":{"rendered":"https:\/\/gaterastudio.com\/?page_id=2366"},"modified":"2023-10-06T15:39:19","modified_gmt":"2023-10-06T15:39:19","slug":"about-us","status":"publish","type":"page","link":"https:\/\/gaterastudio.com\/cat\/about-us\/","title":{"rendered":"About Us"},"content":{"rendered":"<div id=\"fws_69d459014781e\"  data-column-margin=\"default\" data-midnight=\"light\" data-top-percent=\"5%\"  class=\"wpb_row vc_row-fluid vc_row full-width-content vc_row-o-equal-height vc_row-flex\"  style=\"padding-top: calc(100vw * 0.05); padding-bottom: 0px; \"><div class=\"row-bg-wrap\" data-bg-animation=\"none\" data-bg-overlay=\"false\"><div class=\"inner-wrap\"><div class=\"row-bg viewport-desktop using-bg-color\"  style=\"background-color: #141414; \"><\/div><\/div><\/div><div class=\"row_col_wrap_12 col span_12 light left\">\n\t<div  class=\"vc_col-sm-6 wpb_column column_container vc_column_container col has-animation no-extra-padding inherit_tablet inherit_phone\"  data-overlay-color=\"true\" data-padding-pos=\"all\" data-has-bg-color=\"false\" data-bg-color=\"\" data-bg-opacity=\"1\" data-animation=\"grow-in\" data-delay=\"200\" >\n\t\t<div class=\"vc_column-inner\" ><div class=\"column-bg-overlay-wrap\" data-bg-animation=\"none\"><div class=\"column-bg-overlay\"><\/div><div class=\"column-overlay-layer\" style=\"background-color:rgba(255,184,13,0.01);  opacity: 0.8; \"><\/div><\/div>\n\t\t\t<div class=\"wpb_wrapper\">\n\t\t\t\t<div class=\"img-with-aniamtion-wrap\" data-max-width=\"100%\" data-max-width-mobile=\"default\" data-shadow=\"none\" data-animation=\"fade-in\" >\n      <div class=\"inner\">\n        <div class=\"hover-wrap\"> \n          <div class=\"hover-wrap-inner\">\n            <img loading=\"lazy\" decoding=\"async\" class=\"img-with-animation skip-lazy\" data-delay=\"0\" height=\"675\" width=\"1200\" data-animation=\"fade-in\" src=\"https:\/\/gaterastudio.com\/wp-content\/uploads\/2023\/02\/aboutus_00001.gif\" alt=\"\"  \/>\n          <\/div>\n        <\/div>\n      <\/div>\n    <\/div>\n\t\t\t<\/div> \n\t\t<\/div>\n\t<\/div> \n\n\t<div style=\"\" class=\"vc_col-sm-6 wpb_column column_container vc_column_container col has-animation padding-5-percent inherit_tablet inherit_phone\" data-using-bg=\"true\" data-bg-cover=\"true\" data-padding-pos=\"left-right\" data-has-bg-color=\"true\" data-bg-color=\"#141414\" data-bg-opacity=\"1\" data-hover-bg=\"#141414\" data-hover-bg-opacity=\"1\" data-animation=\"grow-in\" data-delay=\"300\" >\n\t\t<div class=\"vc_column-inner\" ><div class=\"column-image-bg-wrap viewport-desktop\" data-bg-pos=\"center center\" data-bg-animation=\"none\" data-bg-overlay=\"false\"><div class=\"inner-wrap\"><div class=\"column-image-bg\" style=\"\"><\/div><\/div><\/div><div class=\"column-bg-overlay-wrap\" data-bg-animation=\"none\"><div class=\"column-bg-overlay\" style=\"opacity: 1; background-color: #141414;\"><\/div><\/div>\n\t\t\t<div class=\"wpb_wrapper\">\n\t\t\t\t<div class=\"divider-wrap height_tablet_50px height_phone_50px\" data-alignment=\"default\"><div  class=\"divider\"><\/div><\/div>\n<div class=\"wpb_text_column wpb_content_element  vc_custom_1638705142141\" >\n\t<div class=\"wpb_wrapper\">\n\t\t<h1>CONEIX GATERA STUDIO<\/h1>\n\t<\/div>\n<\/div>\n\n\n\n<div class=\"divider-wrap\" data-alignment=\"default\"><div style=\"height: 50px;\" class=\"divider\"><\/div><\/div>\n<div class=\"wpb_text_column wpb_content_element  vc_custom_1663580071621\" >\n\t<div class=\"wpb_wrapper\">\n\t\t<p>Fundada el 2022 a Barcelona, Gatera Studio neix de la voluntat de representar la cultura urbana als videojocs amb una perspectiva rebel i reivindicativa. Inicia la seva activitat amb el desenvolupament de ANTRO, un videojoc r\u00edtmic de puzles i plataformes 2.5D. Actualment compta amb la col\u00b7laboraci\u00f3 d&#039;un equip multidisciplinari conformat per desenvolupadors, dissenyadors 2D i 3D, il\u00b7lustradors, artistes i productors de m\u00fasica, escriptors i professionals del m\u00e0rqueting.<\/p>\n<p><span style=\"font-weight: 400;\">\u00ab<em>La nostra hist\u00f2ria comen\u00e7a en plena pand\u00e8mia. Ens ajuntem a Discord uns quants bojos de diverses disciplines, malalts de la m\u00fasica i els jocs de plataformes, que acabem trobant un objectiu en com\u00fa: vol\u00edem experimentar en el m\u00f3n dels videojocs aprenent els uns dels altres. De mica en mica, deixem fluir les nostres ments, i despr\u00e9s de diverses pluges d&#039;idees -influenciats per un context m\u00e9s dist\u00f2pic del que esper\u00e0vem- comencem a desenvolupar ANTRO. Un videojoc r\u00edtmic on la m\u00fasica urbana \u00e9s la principal protagonista. Ens embarquem aix\u00ed en un projecte que ha esdevingut un viatge introspectiu fins a treure el millor de nosaltres mateixos. Aix\u00ed va n\u00e9ixer Gatera Studio. I amb ella ANTRO<\/em>\u00bb, <\/span><span style=\"font-weight: 400;\">Norman Benet, CEO de Gatera Studio.\u00a0<\/span><\/p>\n\t<\/div>\n<\/div>\n\n\n\n<div class=\"divider-wrap\" data-alignment=\"default\"><div style=\"height: 90px;\" class=\"divider\"><\/div><\/div>\n\t\t\t<\/div> \n\t\t<\/div>\n\t<\/div> \n<\/div><\/div>\n\t\t<div id=\"fws_69d4590148ea6\"  data-column-margin=\"default\" data-midnight=\"light\" data-top-percent=\"5%\"  class=\"wpb_row vc_row-fluid vc_row full-width-content vc_row-o-equal-height vc_row-flex\"  style=\"padding-top: calc(100vw * 0.05); padding-bottom: 0px; \"><div class=\"row-bg-wrap\" data-bg-animation=\"none\" data-bg-overlay=\"false\"><div class=\"inner-wrap\"><div class=\"row-bg viewport-desktop using-bg-color\"  style=\"background-color: #141414; \"><\/div><\/div><\/div><div class=\"row_col_wrap_12 col span_12 light left\">\n\t<div  class=\"vc_col-sm-12 wpb_column column_container vc_column_container col has-animation no-extra-padding inherit_tablet inherit_phone\"  data-overlay-color=\"true\" data-padding-pos=\"all\" data-has-bg-color=\"false\" data-bg-color=\"\" data-bg-opacity=\"1\" data-animation=\"grow-in\" data-delay=\"200\" >\n\t\t<div class=\"vc_column-inner\" ><div class=\"column-bg-overlay-wrap\" data-bg-animation=\"none\"><div class=\"column-bg-overlay\"><\/div><div class=\"column-overlay-layer\" style=\"background-color:rgba(255,184,13,0.01);  opacity: 0.8; \"><\/div><\/div>\n\t\t\t<div class=\"wpb_wrapper\">\n\t\t\t\t<div class=\"divider-wrap height_tablet_50px height_phone_50px\" data-alignment=\"default\"><div style=\"height: 50px;\" class=\"divider\"><\/div><\/div>\n\t\t\t<\/div> \n\t\t<\/div>\n\t<\/div> \n<\/div><\/div>","protected":false},"excerpt":{"rendered":"CONEIX A GATERA STUDIO Fundada el 2022 a Barcelona, Gatera Studio neix de la voluntat de representar la cultura urbana en els videojocs amb una perspectiva rebel i reivindicativa.","protected":false},"author":1,"featured_media":0,"parent":0,"menu_order":0,"comment_status":"closed","ping_status":"closed","template":"","meta":{"_monsterinsights_skip_tracking":false,"_monsterinsights_sitenote_active":false,"_monsterinsights_sitenote_note":"","_monsterinsights_sitenote_category":0,"footnotes":""},"_links":{"self":[{"href":"https:\/\/gaterastudio.com\/cat\/wp-json\/wp\/v2\/pages\/2366"}],"collection":[{"href":"https:\/\/gaterastudio.com\/cat\/wp-json\/wp\/v2\/pages"}],"about":[{"href":"https:\/\/gaterastudio.com\/cat\/wp-json\/wp\/v2\/types\/page"}],"author":[{"embeddable":true,"href":"https:\/\/gaterastudio.com\/cat\/wp-json\/wp\/v2\/users\/1"}],"replies":[{"embeddable":true,"href":"https:\/\/gaterastudio.com\/cat\/wp-json\/wp\/v2\/comments?post=2366"}],"version-history":[{"count":32,"href":"https:\/\/gaterastudio.com\/cat\/wp-json\/wp\/v2\/pages\/2366\/revisions"}],"predecessor-version":[{"id":2368,"href":"https:\/\/gaterastudio.com\/cat\/wp-json\/wp\/v2\/pages\/2366\/revisions\/2368"}],"wp:attachment":[{"href":"https:\/\/gaterastudio.com\/cat\/wp-json\/wp\/v2\/media?parent=2366"}],"curies":[{"name":"wp","href":"https:\/\/api.w.org\/{rel}","templated":true}]}}